{"id":1041,"date":"2023-09-11T14:58:39","date_gmt":"2023-09-11T12:58:39","guid":{"rendered":"https:\/\/www.gopshusgarden.com\/1041-2\/"},"modified":"2025-03-19T12:32:34","modified_gmt":"2025-03-19T11:32:34","slug":"1041-2","status":"publish","type":"page","link":"https:\/\/www.gopshusgarden.com\/de\/1041-2\/","title":{"rendered":""},"content":{"rendered":"\n<h1 class=\"font-light\" style=\"margin-bottom: 0px; text-align: center;\">\u00dcber uns<\/h1>\n\n<h4 class=\"wp-block-heading has-text-align-center text-color font-light\"><em>Gopshusg\u00e5rden<\/em> - Rum &amp; Stugor<\/h4>\n\n<p class=\"has-text-align-center\">Gopshusg\u00e5rden ist ein gem\u00fctliches G\u00e4stehaus in der Mitte Schwedens, f\u00fcr diejenigen, die die Ruhe und die Sch\u00f6nheit der Natur genie\u00dfen m\u00f6chten.<br\/>Es ist der perfekte Ort, um an jeder Art von Outdoor-Aktivit\u00e4ten teilzunehmen.<br\/>Die ber\u00fchmte Vasaloppet-Strecke mit all ihren Veranstaltungen f\u00fchrt direkt durch unseren Garten.<br\/>Gopshus ist ein kleines Dorf in der N\u00e4he von Mora in der schwedischen Provinz Dalarnas L\u00e4n.<br\/>Diese Region ist bekannt f\u00fcr ihre typisch schwedische Kultur und Natur, ob es nun die roten H\u00e4user oder die endlosen gr\u00fcnen W\u00e4lder sind. <\/p>\n\n<p class=\"has-text-align-center\">Unser B&amp;B bietet Platz f\u00fcr 37 G\u00e4ste in f\u00fcnf H\u00fctten und 7 Zimmern unterschiedlicher Gr\u00f6\u00dfe im Hauptgeb\u00e4ude.<br\/>Wir bieten ein tolles kontinentales Fr\u00fchst\u00fcck, Mittagessen (auch zum Mitnehmen) und ein hausgemachtes Abendessen. <\/p>\n\n<div class=\"wp-block-columns is-layout-flex wp-container-core-columns-is-layout-9d6595d7 wp-block-columns-is-layout-flex\"><\/div>\n","protected":false},"excerpt":{"rendered":"<p>\u00dcber uns Gopshusg\u00e5rden - Rum &amp; Stugor Gopshusg\u00e5rden ist ein gem\u00fctliches G\u00e4stehaus in der Mitte Schwedens, f\u00fcr diejenigen, die die Ruhe und die Sch\u00f6nheit der Natur genie\u00dfen m\u00f6chten.Es ist der perfekte Ort, um an jeder Art von Outdoor-Aktivit\u00e4ten teilzunehmen.Die ber\u00fchmte Vasaloppet-Strecke mit all ihren Veranstaltungen f\u00fchrt direkt durch unseren Garten.Gopshus ist ein kleines Dorf in &hellip; <\/p>\n<p class=\"link-more\"><a href=\"https:\/\/www.gopshusgarden.com\/de\/1041-2\/\" class=\"more-link\"><span class=\"screen-reader-text\"> prova \"\"<\/span><\/a><\/p>\n","protected":false},"author":1,"featured_media":752,"parent":0,"menu_order":0,"comment_status":"closed","ping_status":"closed","template":"page-templates\/page-about.php","meta":{"footnotes":""},"class_list":["post-1041","page","type-page","status-publish","has-post-thumbnail","hentry"],"_links":{"self":[{"href":"https:\/\/www.gopshusgarden.com\/de\/wp-json\/wp\/v2\/pages\/1041","targetHints":{"allow":["GET"]}}],"collection":[{"href":"https:\/\/www.gopshusgarden.com\/de\/wp-json\/wp\/v2\/pages"}],"about":[{"href":"https:\/\/www.gopshusgarden.com\/de\/wp-json\/wp\/v2\/types\/page"}],"author":[{"embeddable":true,"href":"https:\/\/www.gopshusgarden.com\/de\/wp-json\/wp\/v2\/users\/1"}],"replies":[{"embeddable":true,"href":"https:\/\/www.gopshusgarden.com\/de\/wp-json\/wp\/v2\/comments?post=1041"}],"version-history":[{"count":1,"href":"https:\/\/www.gopshusgarden.com\/de\/wp-json\/wp\/v2\/pages\/1041\/revisions"}],"predecessor-version":[{"id":1043,"href":"https:\/\/www.gopshusgarden.com\/de\/wp-json\/wp\/v2\/pages\/1041\/revisions\/1043"}],"wp:featuredmedia":[{"embeddable":true,"href":"https:\/\/www.gopshusgarden.com\/de\/wp-json\/wp\/v2\/media\/752"}],"wp:attachment":[{"href":"https:\/\/www.gopshusgarden.com\/de\/wp-json\/wp\/v2\/media?parent=1041"}],"curies":[{"name":"wp","href":"https:\/\/api.w.org\/{rel}","templated":true}]}}