{"id":1046,"date":"2023-10-10T11:08:20","date_gmt":"2023-10-10T09:08:20","guid":{"rendered":"https:\/\/www.gopshusgarden.com\/bedingungen-und-konditionen\/"},"modified":"2025-03-19T12:47:57","modified_gmt":"2025-03-19T11:47:57","slug":"bedingungen-und-konditionen","status":"publish","type":"page","link":"https:\/\/www.gopshusgarden.com\/de\/bedingungen-und-konditionen\/","title":{"rendered":"Bedingungen und Konditionen"},"content":{"rendered":"\n<h3 class=\"wp-block-heading\">Bedingungen und Konditionen<\/h3>\n\n<ol class=\"wp-block-list\">\n<li>Wenn Sie eine \u00dcbernachtung bei uns buchen, geben Sie bitte Ihren Namen, Ihre Adresse, Ihre Telefonnummer sowie das An- und Abreisedatum an.<\/li>\n\n\n\n<li>Die Check-in-Zeit ist von 14:00 bis 20:00 Uhr. Wenn Sie sp\u00e4ter anreisen m\u00f6chten, informieren Sie uns bitte im Voraus. <\/li>\n\n\n\n<li>Die Check-out-Zeit ist bis 12:00 Uhr.<\/li>\n\n\n\n<li>F\u00fcr die Reinigung wird eine Geb\u00fchr von 100 SEK pro Zimmer erhoben.<\/li>\n\n\n\n<li>Die G\u00e4ste d\u00fcrfen nicht ohne Bettw\u00e4sche auf dem Bett schlafen. Sie k\u00f6nnen Ihre eigene mitbringen oder sie von uns mieten (Bettw\u00e4sche und Handt\u00fccher) f\u00fcr 140 SEK pro Person. <\/li>\n\n\n\n<li>Die Sauna sollte nicht ohne saubere Handt\u00fccher oder angemessene Kleidung benutzt werden.<\/li>\n\n\n\n<li>Der Gast erkennt die gesamtschuldnerische Haftung f\u00fcr alle erbrachten Leistungen bis zur vollst\u00e4ndigen Begleichung der Rechnungen an.<\/li>\n\n\n\n<li>Die Zahlung ist bei Ankunft f\u00e4llig. Bei gr\u00f6\u00dferen Gruppen wird der Betrag in Rechnung gestellt und muss sp\u00e4testens 7 Tage vor der Ankunft bezahlt werden. Bei gr\u00f6\u00dferen Gruppen ist eine Anzahlung erforderlich, die sp\u00e4testens 1 Monat vor der Ankunft zu leisten ist. Essen und\/oder Getr\u00e4nke w\u00e4hrend des Aufenthalts werden mit Karte bezahlt, entweder am Ende des Aufenthalts oder sofort.   <\/li>\n\n\n\n<li>Gopshusg\u00e5rden-Rum och Stugor Handelsbolag ist nicht verantwortlich f\u00fcr pers\u00f6nliche Gegenst\u00e4nde und Wertsachen wie Geld, Schmuck oder andere Gegenst\u00e4nde, die im Zimmer zur\u00fcckgelassen werden.<\/li>\n\n\n\n<li>Die G\u00e4ste haften f\u00fcr jeglichen Verlust, Schaden, Besch\u00e4digung, Zerst\u00f6rung oder Verunstaltung des Eigentums oder seines Inhalts. Dies schlie\u00dft absichtliche oder unabsichtliche Handlungen ein, die Reparaturen oder Ersatz erforderlich machen. Diese Verantwortung gilt f\u00fcr die G\u00e4ste selbst, ihre Freunde oder jede Person, f\u00fcr die sie verantwortlich sind.  <\/li>\n<\/ol>\n\n<h3 class=\"wp-block-heading\">Stornierung<\/h3>\n\n<ol class=\"wp-block-list\">\n<li>Die Stornierung muss sp\u00e4testens 5 Tage vor der Ankunft erfolgen, andernfalls wird eine Geb\u00fchr von 50% des Betrages erhoben.<\/li>\n\n\n\n<li>F\u00fcr die Vasalopps-Wochen (V.8 und V.9) gelten besondere Stornierungsregeln:<br\/>Stornierung bis zum 1. Februar - keine Geb\u00fchr.<br\/>Stornierung bis zum 15. Februar - Halbe Geb\u00fchr.<br\/>Stornierung nach dem 15. Februar - voller Preis!<\/li>\n<\/ol>\n\n<h3 class=\"wp-block-heading\">Andere \u201eRegeln\u201c<\/h3>\n\n<ol class=\"wp-block-list\">\n<li>Das Rauchen ist in allen unseren R\u00e4umlichkeiten NICHT erlaubt.<\/li>\n\n\n\n<li>Haustiere sind auf dem Gopshusg\u00e5rden willkommen, bitte informieren Sie uns im Voraus.<\/li>\n<\/ol>\n","protected":false},"excerpt":{"rendered":"<p>Bedingungen und Konditionen Stornierung Andere \u201eRegeln\u201c<\/p>\n","protected":false},"author":1,"featured_media":0,"parent":0,"menu_order":0,"comment_status":"closed","ping_status":"closed","template":"","meta":{"footnotes":""},"class_list":["post-1046","page","type-page","status-publish","hentry"],"_links":{"self":[{"href":"https:\/\/www.gopshusgarden.com\/de\/wp-json\/wp\/v2\/pages\/1046","targetHints":{"allow":["GET"]}}],"collection":[{"href":"https:\/\/www.gopshusgarden.com\/de\/wp-json\/wp\/v2\/pages"}],"about":[{"href":"https:\/\/www.gopshusgarden.com\/de\/wp-json\/wp\/v2\/types\/page"}],"author":[{"embeddable":true,"href":"https:\/\/www.gopshusgarden.com\/de\/wp-json\/wp\/v2\/users\/1"}],"replies":[{"embeddable":true,"href":"https:\/\/www.gopshusgarden.com\/de\/wp-json\/wp\/v2\/comments?post=1046"}],"version-history":[{"count":1,"href":"https:\/\/www.gopshusgarden.com\/de\/wp-json\/wp\/v2\/pages\/1046\/revisions"}],"predecessor-version":[{"id":1048,"href":"https:\/\/www.gopshusgarden.com\/de\/wp-json\/wp\/v2\/pages\/1046\/revisions\/1048"}],"wp:attachment":[{"href":"https:\/\/www.gopshusgarden.com\/de\/wp-json\/wp\/v2\/media?parent=1046"}],"curies":[{"name":"wp","href":"https:\/\/api.w.org\/{rel}","templated":true}]}}