{"id":1055,"date":"2024-05-14T20:45:32","date_gmt":"2024-05-14T18:45:32","guid":{"rendered":"https:\/\/www.gopshusgarden.com\/wandern-und-radfahren\/"},"modified":"2025-03-19T13:05:53","modified_gmt":"2025-03-19T12:05:53","slug":"wandern-und-radfahren","status":"publish","type":"page","link":"https:\/\/www.gopshusgarden.com\/de\/wandern-und-radfahren\/","title":{"rendered":"Wandern und Radfahren"},"content":{"rendered":"\n<p>Gopshusg\u00e5rden B&amp;B bietet einen friedlichen R\u00fcckzugsort inmitten der wundersch\u00f6nen Natur von Mora und \u00c4lvdalen. Unsere gem\u00fctlichen Unterk\u00fcnfte bieten Ihnen die perfekte Mischung aus Komfort und Ruhe, so dass sich jeder Gast wie zu Hause f\u00fchlt. Von dem Moment an, in dem Sie an unserer T\u00fcr ankommen, werden Sie von einer friedlichen Atmosph\u00e4re und der herzlichen Gastfreundschaft, die f\u00fcr unser Haus charakteristisch ist, empfangen.  <\/p>\n\n<p>Die Gegend um Gopshus ist eine Fundgrube f\u00fcr Naturliebhaber. Erkunden Sie den malerischen Siljanweg, der fast vor unserer Haust\u00fcr beginnt, und begeben Sie sich auf den Linn\u00e9stigen, einen rot markierten Pfad, der sich \u00fcber 2,7 Kilometer durch eine faszinierende Waldlandschaft erstreckt. Auf dem Gipfel des Gopshusberget k\u00f6nnen Sie eine Pause auf dem Slogboden einlegen und sich von der weiten Aussicht auf Morah\u00e5llet und H\u00f6kbergs f\u00e4bod verzaubern lassen.  <\/p>\n\n<p>F\u00fcr Aktive gibt es in der Gegend 6 verschiedene Wanderwege und Laufstrecken, darunter die Enmyrrundan, H\u00f6g\u00e5sstigen und \u00c5smyrrundan. Wer eine l\u00e4ngere Herausforderung sucht, kann sich auf eine 18,5 km lange Radtour begeben, die mit einem steilen Anstieg in Richtung Viborg beginnt und durch h\u00fcgeliges Gel\u00e4nde nach \u00c4lvdalen und zur\u00fcck \u00fcber bekannte Orte entlang des Vasaloppsv\u00e4gen f\u00fchrt. <\/p>\n\n<p><strong>Attraktionen in der N\u00e4he<\/strong><\/p>\n\n<p>Gopshus ist auch nur eine kurze Fahrt von vielen anderen tollen Orten entfernt. Besuchen Sie das charmante Dorf \u00c4lvdalen mit seinen traditionellen roten H\u00e4usern und der Kirche, oder erkunden Sie das historische Mora mit seinen Museen und seiner Kultur. F\u00fcr Wintersportler gibt es in der N\u00e4he M\u00f6glichkeiten zum Skilanglauf, und Gesundaberget l\u00e4dt zum Wandern und Radfahren in einer wundersch\u00f6nen Berglandschaft ein.  <\/p>\n\n<div class=\"wp-block-columns is-layout-flex wp-container-core-columns-is-layout-9d6595d7 wp-block-columns-is-layout-flex\">\n<div class=\"wp-block-column is-layout-flow wp-block-column-is-layout-flow\">\n<figure class=\"wp-block-gallery has-nested-images columns-default is-cropped wp-block-gallery-1 is-layout-flex wp-block-gallery-is-layout-flex\">\n<figure class=\"wp-block-image size-large\"><img loading=\"lazy\" decoding=\"async\" width=\"2560\" height=\"1707\" data-id=\"625\" src=\"https:\/\/www.gopshusgarden.com\/wp-content\/uploads\/2024\/05\/IMG_4753-scaled.jpg\" alt=\"gopshus linnestegen\" class=\"wp-image-625\" srcset=\"https:\/\/www.gopshusgarden.com\/wp-content\/uploads\/2024\/05\/IMG_4753-scaled.jpg 2560w, https:\/\/www.gopshusgarden.com\/wp-content\/uploads\/2024\/05\/IMG_4753-300x200.jpg 300w, https:\/\/www.gopshusgarden.com\/wp-content\/uploads\/2024\/05\/IMG_4753-768x512.jpg 768w, https:\/\/www.gopshusgarden.com\/wp-content\/uploads\/2024\/05\/IMG_4753-1536x1024.jpg 1536w, https:\/\/www.gopshusgarden.com\/wp-content\/uploads\/2024\/05\/IMG_4753-2048x1365.jpg 2048w, https:\/\/www.gopshusgarden.com\/wp-content\/uploads\/2024\/05\/IMG_4753-480x320.jpg 480w, https:\/\/www.gopshusgarden.com\/wp-content\/uploads\/2024\/05\/IMG_4753-720x480.jpg 720w, https:\/\/www.gopshusgarden.com\/wp-content\/uploads\/2024\/05\/IMG_4753-250x167.jpg 250w, https:\/\/www.gopshusgarden.com\/wp-content\/uploads\/2024\/05\/IMG_4753-375x250.jpg 375w, https:\/\/www.gopshusgarden.com\/wp-content\/uploads\/2024\/05\/IMG_4753-150x100.jpg 150w\" sizes=\"auto, (max-width: 2560px) 100vw, 2560px\" \/><\/figure>\n\n\n\n<figure class=\"wp-block-image size-large\"><img loading=\"lazy\" decoding=\"async\" width=\"1416\" height=\"2000\" data-id=\"599\" src=\"https:\/\/www.gopshusgarden.com\/wp-content\/uploads\/2024\/05\/Wanderkarte-1416x2000.jpg\" alt=\"\" class=\"wp-image-599\" srcset=\"https:\/\/www.gopshusgarden.com\/wp-content\/uploads\/2024\/05\/Wanderkarte-1416x2000.jpg 1416w, https:\/\/www.gopshusgarden.com\/wp-content\/uploads\/2024\/05\/Wanderkarte-212x300.jpg 212w, https:\/\/www.gopshusgarden.com\/wp-content\/uploads\/2024\/05\/Wanderkarte-768x1085.jpg 768w, https:\/\/www.gopshusgarden.com\/wp-content\/uploads\/2024\/05\/Wanderkarte-1087x1536.jpg 1087w, https:\/\/www.gopshusgarden.com\/wp-content\/uploads\/2024\/05\/Wanderkarte-1449x2048.jpg 1449w, https:\/\/www.gopshusgarden.com\/wp-content\/uploads\/2024\/05\/Wanderkarte-480x678.jpg 480w, https:\/\/www.gopshusgarden.com\/wp-content\/uploads\/2024\/05\/Wanderkarte-340x480.jpg 340w, https:\/\/www.gopshusgarden.com\/wp-content\/uploads\/2024\/05\/Wanderkarte-250x353.jpg 250w, https:\/\/www.gopshusgarden.com\/wp-content\/uploads\/2024\/05\/Wanderkarte-177x250.jpg 177w, https:\/\/www.gopshusgarden.com\/wp-content\/uploads\/2024\/05\/Wanderkarte-106x150.jpg 106w, https:\/\/www.gopshusgarden.com\/wp-content\/uploads\/2024\/05\/Wanderkarte-scaled.jpg 1812w\" sizes=\"auto, (max-width: 1416px) 100vw, 1416px\" \/><\/figure>\n\n\n\n<figure class=\"wp-block-image size-large\"><img loading=\"lazy\" decoding=\"async\" width=\"2560\" height=\"1707\" data-id=\"595\" src=\"https:\/\/www.gopshusgarden.com\/wp-content\/uploads\/2024\/05\/IMG_4752-scaled.jpg\" alt=\"\" class=\"wp-image-595\" srcset=\"https:\/\/www.gopshusgarden.com\/wp-content\/uploads\/2024\/05\/IMG_4752-scaled.jpg 2560w, https:\/\/www.gopshusgarden.com\/wp-content\/uploads\/2024\/05\/IMG_4752-300x200.jpg 300w, https:\/\/www.gopshusgarden.com\/wp-content\/uploads\/2024\/05\/IMG_4752-768x512.jpg 768w, https:\/\/www.gopshusgarden.com\/wp-content\/uploads\/2024\/05\/IMG_4752-1536x1024.jpg 1536w, https:\/\/www.gopshusgarden.com\/wp-content\/uploads\/2024\/05\/IMG_4752-2048x1365.jpg 2048w, https:\/\/www.gopshusgarden.com\/wp-content\/uploads\/2024\/05\/IMG_4752-480x320.jpg 480w, https:\/\/www.gopshusgarden.com\/wp-content\/uploads\/2024\/05\/IMG_4752-720x480.jpg 720w, https:\/\/www.gopshusgarden.com\/wp-content\/uploads\/2024\/05\/IMG_4752-250x167.jpg 250w, https:\/\/www.gopshusgarden.com\/wp-content\/uploads\/2024\/05\/IMG_4752-375x250.jpg 375w, https:\/\/www.gopshusgarden.com\/wp-content\/uploads\/2024\/05\/IMG_4752-150x100.jpg 150w\" sizes=\"auto, (max-width: 2560px) 100vw, 2560px\" \/><\/figure>\n\n\n\n<figure class=\"wp-block-image size-large\"><img loading=\"lazy\" decoding=\"async\" width=\"2560\" height=\"1707\" data-id=\"588\" src=\"https:\/\/www.gopshusgarden.com\/wp-content\/uploads\/2024\/05\/IMG_4737-scaled.jpg\" alt=\"\" class=\"wp-image-588\" srcset=\"https:\/\/www.gopshusgarden.com\/wp-content\/uploads\/2024\/05\/IMG_4737-scaled.jpg 2560w, https:\/\/www.gopshusgarden.com\/wp-content\/uploads\/2024\/05\/IMG_4737-300x200.jpg 300w, https:\/\/www.gopshusgarden.com\/wp-content\/uploads\/2024\/05\/IMG_4737-768x512.jpg 768w, https:\/\/www.gopshusgarden.com\/wp-content\/uploads\/2024\/05\/IMG_4737-1536x1024.jpg 1536w, https:\/\/www.gopshusgarden.com\/wp-content\/uploads\/2024\/05\/IMG_4737-2048x1365.jpg 2048w, https:\/\/www.gopshusgarden.com\/wp-content\/uploads\/2024\/05\/IMG_4737-480x320.jpg 480w, https:\/\/www.gopshusgarden.com\/wp-content\/uploads\/2024\/05\/IMG_4737-720x480.jpg 720w, https:\/\/www.gopshusgarden.com\/wp-content\/uploads\/2024\/05\/IMG_4737-250x167.jpg 250w, https:\/\/www.gopshusgarden.com\/wp-content\/uploads\/2024\/05\/IMG_4737-375x250.jpg 375w, https:\/\/www.gopshusgarden.com\/wp-content\/uploads\/2024\/05\/IMG_4737-150x100.jpg 150w\" sizes=\"auto, (max-width: 2560px) 100vw, 2560px\" \/><\/figure>\n\n\n\n<figure class=\"wp-block-image size-large\"><img loading=\"lazy\" decoding=\"async\" width=\"2560\" height=\"1707\" data-id=\"636\" src=\"https:\/\/www.gopshusgarden.com\/wp-content\/uploads\/2024\/05\/IMG_4857-scaled.jpg\" alt=\"\" class=\"wp-image-636\" srcset=\"https:\/\/www.gopshusgarden.com\/wp-content\/uploads\/2024\/05\/IMG_4857-scaled.jpg 2560w, https:\/\/www.gopshusgarden.com\/wp-content\/uploads\/2024\/05\/IMG_4857-300x200.jpg 300w, https:\/\/www.gopshusgarden.com\/wp-content\/uploads\/2024\/05\/IMG_4857-768x512.jpg 768w, https:\/\/www.gopshusgarden.com\/wp-content\/uploads\/2024\/05\/IMG_4857-1536x1024.jpg 1536w, https:\/\/www.gopshusgarden.com\/wp-content\/uploads\/2024\/05\/IMG_4857-2048x1365.jpg 2048w, https:\/\/www.gopshusgarden.com\/wp-content\/uploads\/2024\/05\/IMG_4857-480x320.jpg 480w, https:\/\/www.gopshusgarden.com\/wp-content\/uploads\/2024\/05\/IMG_4857-720x480.jpg 720w, https:\/\/www.gopshusgarden.com\/wp-content\/uploads\/2024\/05\/IMG_4857-250x167.jpg 250w, https:\/\/www.gopshusgarden.com\/wp-content\/uploads\/2024\/05\/IMG_4857-375x250.jpg 375w, https:\/\/www.gopshusgarden.com\/wp-content\/uploads\/2024\/05\/IMG_4857-150x100.jpg 150w\" sizes=\"auto, (max-width: 2560px) 100vw, 2560px\" \/><\/figure>\n\n\n\n<figure class=\"wp-block-image size-large\"><img loading=\"lazy\" decoding=\"async\" width=\"1440\" height=\"810\" data-id=\"560\" src=\"https:\/\/www.gopshusgarden.com\/wp-content\/uploads\/2024\/04\/erik_kilstrom_2018-2.jpg\" alt=\"\" class=\"wp-image-560\" srcset=\"https:\/\/www.gopshusgarden.com\/wp-content\/uploads\/2024\/04\/erik_kilstrom_2018-2.jpg 1440w, https:\/\/www.gopshusgarden.com\/wp-content\/uploads\/2024\/04\/erik_kilstrom_2018-2-300x169.jpg 300w, https:\/\/www.gopshusgarden.com\/wp-content\/uploads\/2024\/04\/erik_kilstrom_2018-2-768x432.jpg 768w, https:\/\/www.gopshusgarden.com\/wp-content\/uploads\/2024\/04\/erik_kilstrom_2018-2-480x270.jpg 480w, https:\/\/www.gopshusgarden.com\/wp-content\/uploads\/2024\/04\/erik_kilstrom_2018-2-853x480.jpg 853w, https:\/\/www.gopshusgarden.com\/wp-content\/uploads\/2024\/04\/erik_kilstrom_2018-2-250x141.jpg 250w, https:\/\/www.gopshusgarden.com\/wp-content\/uploads\/2024\/04\/erik_kilstrom_2018-2-444x250.jpg 444w, https:\/\/www.gopshusgarden.com\/wp-content\/uploads\/2024\/04\/erik_kilstrom_2018-2-150x84.jpg 150w\" sizes=\"auto, (max-width: 1440px) 100vw, 1440px\" \/><\/figure>\n\n\n\n<figure class=\"wp-block-image size-large\"><img loading=\"lazy\" decoding=\"async\" width=\"2560\" height=\"1707\" data-id=\"628\" src=\"https:\/\/www.gopshusgarden.com\/wp-content\/uploads\/2024\/05\/IMG_4752-1-scaled.jpg\" alt=\"\" class=\"wp-image-628\" srcset=\"https:\/\/www.gopshusgarden.com\/wp-content\/uploads\/2024\/05\/IMG_4752-1-scaled.jpg 2560w, https:\/\/www.gopshusgarden.com\/wp-content\/uploads\/2024\/05\/IMG_4752-1-300x200.jpg 300w, https:\/\/www.gopshusgarden.com\/wp-content\/uploads\/2024\/05\/IMG_4752-1-768x512.jpg 768w, https:\/\/www.gopshusgarden.com\/wp-content\/uploads\/2024\/05\/IMG_4752-1-1536x1024.jpg 1536w, https:\/\/www.gopshusgarden.com\/wp-content\/uploads\/2024\/05\/IMG_4752-1-2048x1365.jpg 2048w, https:\/\/www.gopshusgarden.com\/wp-content\/uploads\/2024\/05\/IMG_4752-1-480x320.jpg 480w, https:\/\/www.gopshusgarden.com\/wp-content\/uploads\/2024\/05\/IMG_4752-1-720x480.jpg 720w, https:\/\/www.gopshusgarden.com\/wp-content\/uploads\/2024\/05\/IMG_4752-1-250x167.jpg 250w, https:\/\/www.gopshusgarden.com\/wp-content\/uploads\/2024\/05\/IMG_4752-1-375x250.jpg 375w, https:\/\/www.gopshusgarden.com\/wp-content\/uploads\/2024\/05\/IMG_4752-1-150x100.jpg 150w\" sizes=\"auto, (max-width: 2560px) 100vw, 2560px\" \/><\/figure>\n\n\n\n<figure class=\"wp-block-image size-large\"><img loading=\"lazy\" decoding=\"async\" width=\"2560\" height=\"1707\" data-id=\"632\" src=\"https:\/\/www.gopshusgarden.com\/wp-content\/uploads\/2024\/05\/IMG_4792-scaled.jpg\" alt=\"\" class=\"wp-image-632\" srcset=\"https:\/\/www.gopshusgarden.com\/wp-content\/uploads\/2024\/05\/IMG_4792-scaled.jpg 2560w, https:\/\/www.gopshusgarden.com\/wp-content\/uploads\/2024\/05\/IMG_4792-300x200.jpg 300w, https:\/\/www.gopshusgarden.com\/wp-content\/uploads\/2024\/05\/IMG_4792-768x512.jpg 768w, https:\/\/www.gopshusgarden.com\/wp-content\/uploads\/2024\/05\/IMG_4792-1536x1024.jpg 1536w, https:\/\/www.gopshusgarden.com\/wp-content\/uploads\/2024\/05\/IMG_4792-2048x1365.jpg 2048w, https:\/\/www.gopshusgarden.com\/wp-content\/uploads\/2024\/05\/IMG_4792-480x320.jpg 480w, https:\/\/www.gopshusgarden.com\/wp-content\/uploads\/2024\/05\/IMG_4792-720x480.jpg 720w, https:\/\/www.gopshusgarden.com\/wp-content\/uploads\/2024\/05\/IMG_4792-250x167.jpg 250w, https:\/\/www.gopshusgarden.com\/wp-content\/uploads\/2024\/05\/IMG_4792-375x250.jpg 375w, https:\/\/www.gopshusgarden.com\/wp-content\/uploads\/2024\/05\/IMG_4792-150x100.jpg 150w\" sizes=\"auto, (max-width: 2560px) 100vw, 2560px\" \/><\/figure>\n\n\n\n<figure class=\"wp-block-image size-large\"><img loading=\"lazy\" decoding=\"async\" width=\"2560\" height=\"1707\" data-id=\"630\" src=\"https:\/\/www.gopshusgarden.com\/wp-content\/uploads\/2024\/05\/IMG_4774-scaled.jpg\" alt=\"\" class=\"wp-image-630\" srcset=\"https:\/\/www.gopshusgarden.com\/wp-content\/uploads\/2024\/05\/IMG_4774-scaled.jpg 2560w, https:\/\/www.gopshusgarden.com\/wp-content\/uploads\/2024\/05\/IMG_4774-300x200.jpg 300w, https:\/\/www.gopshusgarden.com\/wp-content\/uploads\/2024\/05\/IMG_4774-768x512.jpg 768w, https:\/\/www.gopshusgarden.com\/wp-content\/uploads\/2024\/05\/IMG_4774-1536x1024.jpg 1536w, https:\/\/www.gopshusgarden.com\/wp-content\/uploads\/2024\/05\/IMG_4774-2048x1365.jpg 2048w, https:\/\/www.gopshusgarden.com\/wp-content\/uploads\/2024\/05\/IMG_4774-480x320.jpg 480w, https:\/\/www.gopshusgarden.com\/wp-content\/uploads\/2024\/05\/IMG_4774-720x480.jpg 720w, https:\/\/www.gopshusgarden.com\/wp-content\/uploads\/2024\/05\/IMG_4774-250x167.jpg 250w, https:\/\/www.gopshusgarden.com\/wp-content\/uploads\/2024\/05\/IMG_4774-375x250.jpg 375w, https:\/\/www.gopshusgarden.com\/wp-content\/uploads\/2024\/05\/IMG_4774-150x100.jpg 150w\" sizes=\"auto, (max-width: 2560px) 100vw, 2560px\" \/><\/figure>\n\n\n\n<figure class=\"wp-block-image size-large\"><img loading=\"lazy\" decoding=\"async\" width=\"2560\" height=\"1707\" data-id=\"631\" src=\"https:\/\/www.gopshusgarden.com\/wp-content\/uploads\/2024\/05\/IMG_4788-scaled.jpg\" alt=\"\" class=\"wp-image-631\" srcset=\"https:\/\/www.gopshusgarden.com\/wp-content\/uploads\/2024\/05\/IMG_4788-scaled.jpg 2560w, https:\/\/www.gopshusgarden.com\/wp-content\/uploads\/2024\/05\/IMG_4788-300x200.jpg 300w, https:\/\/www.gopshusgarden.com\/wp-content\/uploads\/2024\/05\/IMG_4788-768x512.jpg 768w, https:\/\/www.gopshusgarden.com\/wp-content\/uploads\/2024\/05\/IMG_4788-1536x1024.jpg 1536w, https:\/\/www.gopshusgarden.com\/wp-content\/uploads\/2024\/05\/IMG_4788-2048x1365.jpg 2048w, https:\/\/www.gopshusgarden.com\/wp-content\/uploads\/2024\/05\/IMG_4788-480x320.jpg 480w, https:\/\/www.gopshusgarden.com\/wp-content\/uploads\/2024\/05\/IMG_4788-720x480.jpg 720w, https:\/\/www.gopshusgarden.com\/wp-content\/uploads\/2024\/05\/IMG_4788-250x167.jpg 250w, https:\/\/www.gopshusgarden.com\/wp-content\/uploads\/2024\/05\/IMG_4788-375x250.jpg 375w, https:\/\/www.gopshusgarden.com\/wp-content\/uploads\/2024\/05\/IMG_4788-150x100.jpg 150w\" sizes=\"auto, (max-width: 2560px) 100vw, 2560px\" \/><\/figure>\n\n\n\n<figure class=\"wp-block-image size-large\"><img loading=\"lazy\" decoding=\"async\" width=\"2560\" height=\"1707\" data-id=\"634\" src=\"https:\/\/www.gopshusgarden.com\/wp-content\/uploads\/2024\/05\/IMG_4836-scaled.jpg\" alt=\"\" class=\"wp-image-634\" srcset=\"https:\/\/www.gopshusgarden.com\/wp-content\/uploads\/2024\/05\/IMG_4836-scaled.jpg 2560w, https:\/\/www.gopshusgarden.com\/wp-content\/uploads\/2024\/05\/IMG_4836-300x200.jpg 300w, https:\/\/www.gopshusgarden.com\/wp-content\/uploads\/2024\/05\/IMG_4836-768x512.jpg 768w, https:\/\/www.gopshusgarden.com\/wp-content\/uploads\/2024\/05\/IMG_4836-1536x1024.jpg 1536w, https:\/\/www.gopshusgarden.com\/wp-content\/uploads\/2024\/05\/IMG_4836-2048x1365.jpg 2048w, https:\/\/www.gopshusgarden.com\/wp-content\/uploads\/2024\/05\/IMG_4836-480x320.jpg 480w, https:\/\/www.gopshusgarden.com\/wp-content\/uploads\/2024\/05\/IMG_4836-720x480.jpg 720w, https:\/\/www.gopshusgarden.com\/wp-content\/uploads\/2024\/05\/IMG_4836-250x167.jpg 250w, https:\/\/www.gopshusgarden.com\/wp-content\/uploads\/2024\/05\/IMG_4836-375x250.jpg 375w, https:\/\/www.gopshusgarden.com\/wp-content\/uploads\/2024\/05\/IMG_4836-150x100.jpg 150w\" sizes=\"auto, (max-width: 2560px) 100vw, 2560px\" \/><\/figure>\n\n\n\n<figure class=\"wp-block-image size-large\"><img loading=\"lazy\" decoding=\"async\" width=\"2560\" height=\"1707\" data-id=\"635\" src=\"https:\/\/www.gopshusgarden.com\/wp-content\/uploads\/2024\/05\/IMG_4855-scaled.jpg\" alt=\"\" class=\"wp-image-635\" srcset=\"https:\/\/www.gopshusgarden.com\/wp-content\/uploads\/2024\/05\/IMG_4855-scaled.jpg 2560w, https:\/\/www.gopshusgarden.com\/wp-content\/uploads\/2024\/05\/IMG_4855-300x200.jpg 300w, https:\/\/www.gopshusgarden.com\/wp-content\/uploads\/2024\/05\/IMG_4855-768x512.jpg 768w, https:\/\/www.gopshusgarden.com\/wp-content\/uploads\/2024\/05\/IMG_4855-1536x1024.jpg 1536w, https:\/\/www.gopshusgarden.com\/wp-content\/uploads\/2024\/05\/IMG_4855-2048x1365.jpg 2048w, https:\/\/www.gopshusgarden.com\/wp-content\/uploads\/2024\/05\/IMG_4855-480x320.jpg 480w, https:\/\/www.gopshusgarden.com\/wp-content\/uploads\/2024\/05\/IMG_4855-720x480.jpg 720w, https:\/\/www.gopshusgarden.com\/wp-content\/uploads\/2024\/05\/IMG_4855-250x167.jpg 250w, https:\/\/www.gopshusgarden.com\/wp-content\/uploads\/2024\/05\/IMG_4855-375x250.jpg 375w, https:\/\/www.gopshusgarden.com\/wp-content\/uploads\/2024\/05\/IMG_4855-150x100.jpg 150w\" sizes=\"auto, (max-width: 2560px) 100vw, 2560px\" \/><\/figure>\n<\/figure>\n<\/div>\n<\/div>\n","protected":false},"excerpt":{"rendered":"<p>Gopshusg\u00e5rden B&amp;B bietet einen friedlichen R\u00fcckzugsort inmitten der wundersch\u00f6nen Natur von Mora und \u00c4lvdalen. Unsere gem\u00fctlichen Unterk\u00fcnfte bieten Ihnen die perfekte Mischung aus Komfort und Ruhe, so dass sich jeder Gast wie zu Hause f\u00fchlt. Von dem Moment an, in dem Sie an unserer T\u00fcr ankommen, werden Sie von einer friedlichen Atmosph\u00e4re und der herzlichen &hellip; <\/p>\n<p class=\"link-more\"><a href=\"https:\/\/www.gopshusgarden.com\/de\/wandern-und-radfahren\/\" class=\"more-link\"><span class=\"screen-reader-text\"> prova \"Wandern und Radfahren\"<\/span><\/a><\/p>\n","protected":false},"author":1,"featured_media":866,"parent":0,"menu_order":0,"comment_status":"closed","ping_status":"closed","template":"","meta":{"footnotes":""},"class_list":["post-1055","page","type-page","status-publish","has-post-thumbnail","hentry"],"_links":{"self":[{"href":"https:\/\/www.gopshusgarden.com\/de\/wp-json\/wp\/v2\/pages\/1055","targetHints":{"allow":["GET"]}}],"collection":[{"href":"https:\/\/www.gopshusgarden.com\/de\/wp-json\/wp\/v2\/pages"}],"about":[{"href":"https:\/\/www.gopshusgarden.com\/de\/wp-json\/wp\/v2\/types\/page"}],"author":[{"embeddable":true,"href":"https:\/\/www.gopshusgarden.com\/de\/wp-json\/wp\/v2\/users\/1"}],"replies":[{"embeddable":true,"href":"https:\/\/www.gopshusgarden.com\/de\/wp-json\/wp\/v2\/comments?post=1055"}],"version-history":[{"count":1,"href":"https:\/\/www.gopshusgarden.com\/de\/wp-json\/wp\/v2\/pages\/1055\/revisions"}],"predecessor-version":[{"id":1057,"href":"https:\/\/www.gopshusgarden.com\/de\/wp-json\/wp\/v2\/pages\/1055\/revisions\/1057"}],"wp:featuredmedia":[{"embeddable":true,"href":"https:\/\/www.gopshusgarden.com\/de\/wp-json\/wp\/v2\/media\/866"}],"wp:attachment":[{"href":"https:\/\/www.gopshusgarden.com\/de\/wp-json\/wp\/v2\/media?parent=1055"}],"curies":[{"name":"wp","href":"https:\/\/api.w.org\/{rel}","templated":true}]}}