{"id":1001,"date":"2024-05-14T20:45:32","date_gmt":"2024-05-14T18:45:32","guid":{"rendered":"https:\/\/www.gopshusgarden.com\/vandring-och-cykling\/"},"modified":"2025-03-19T11:37:21","modified_gmt":"2025-03-19T10:37:21","slug":"vandring-och-cykling","status":"publish","type":"page","link":"https:\/\/www.gopshusgarden.com\/sv\/vandring-och-cykling\/","title":{"rendered":"Vandring och cykling"},"content":{"rendered":"\n<p>Gopshusg\u00e5rden B&amp;B erbjuder en fridfull retr\u00e4tt mitt i den vackra naturen i Mora och \u00c4lvdalen. V\u00e5ra mysiga boenden ger dig den perfekta blandningen av komfort och ro, vilket s\u00e4kerst\u00e4ller att varje g\u00e4st k\u00e4nner sig som hemma. Fr\u00e5n det \u00f6gonblick du anl\u00e4nder till v\u00e5r d\u00f6rr, omfamnas du av en fridfull atmosf\u00e4r och varm g\u00e4stfrihet som \u00e4r k\u00e4nnetecknande f\u00f6r v\u00e5r etablering.  <\/p>\n\n<p>Omr\u00e5det runt Gopshus \u00e4r en skattkista f\u00f6r natur\u00e4lskare. Utforska den natursk\u00f6na Siljansleden som b\u00f6rjar n\u00e4stan utanf\u00f6r v\u00e5r d\u00f6rr, och ge dig ut p\u00e5 Linn\u00e9stigen, en r\u00f6dmarkerad stig som str\u00e4cker sig 2,7 km genom en fascinerande skogsomgivning. Vid toppen av Gopshusberget kan du njuta av en paus i slogboden och l\u00e5ta dig f\u00f6rtrollas av den vidstr\u00e4ckta utsikten \u00f6ver Morah\u00e5llet och H\u00f6kbergs f\u00e4bod.  <\/p>\n\n<p>F\u00f6r den aktive erbjuder omr\u00e5det \u00e4ven 6 olika vandringsleder\/l\u00f6pstigar, inklusive Enmyrrundan, H\u00f6g\u00e5sstigen och \u00c5smyrrundan. F\u00f6r en l\u00e4ngre utmaning kan du ge dig ut p\u00e5 en 18,5 km l\u00e5ng cykeltur som b\u00f6rjar med en rej\u00e4l uppf\u00f6rsk\u00f6rning mot Viborg och forts\u00e4tter genom sm\u00e5kuperad terr\u00e4ng till \u00c4lvdalen och tillbaka via k\u00e4nda platser l\u00e4ngs Vasaloppsv\u00e4gen. <\/p>\n\n<p><strong>N\u00e4rliggande sev\u00e4rdheter<\/strong><\/p>\n\n<p>Gopshus \u00e4r ocks\u00e5 en kort bilresa fr\u00e5n m\u00e5nga andra fantastiska platser. Bes\u00f6k den charmiga byn \u00c4lvdalen med sina traditionella r\u00f6da stugor och kyrka, eller utforska det historiska Mora med dess museer och kultur. F\u00f6r de som \u00e4lskar vinteraktiviteter, finns m\u00f6jligheter till l\u00e4ngdskid\u00e5kning i n\u00e4rheten, och Gesundaberget erbjuder fortfarande vandring och cykling i en vacker bergsmilj\u00f6.  <\/p>\n\n<div class=\"wp-block-columns is-layout-flex wp-container-core-columns-is-layout-9d6595d7 wp-block-columns-is-layout-flex\">\n<div class=\"wp-block-column is-layout-flow wp-block-column-is-layout-flow\">\n<figure class=\"wp-block-gallery has-nested-images columns-default is-cropped wp-block-gallery-1 is-layout-flex wp-block-gallery-is-layout-flex\">\n<figure class=\"wp-block-image size-large\"><img loading=\"lazy\" decoding=\"async\" width=\"2560\" height=\"1707\" data-id=\"625\" src=\"https:\/\/www.gopshusgarden.com\/wp-content\/uploads\/2024\/05\/IMG_4753-scaled.jpg\" alt=\"gopshus linnestegen\" class=\"wp-image-625\" srcset=\"https:\/\/www.gopshusgarden.com\/wp-content\/uploads\/2024\/05\/IMG_4753-scaled.jpg 2560w, https:\/\/www.gopshusgarden.com\/wp-content\/uploads\/2024\/05\/IMG_4753-300x200.jpg 300w, https:\/\/www.gopshusgarden.com\/wp-content\/uploads\/2024\/05\/IMG_4753-768x512.jpg 768w, https:\/\/www.gopshusgarden.com\/wp-content\/uploads\/2024\/05\/IMG_4753-1536x1024.jpg 1536w, https:\/\/www.gopshusgarden.com\/wp-content\/uploads\/2024\/05\/IMG_4753-2048x1365.jpg 2048w, https:\/\/www.gopshusgarden.com\/wp-content\/uploads\/2024\/05\/IMG_4753-480x320.jpg 480w, https:\/\/www.gopshusgarden.com\/wp-content\/uploads\/2024\/05\/IMG_4753-720x480.jpg 720w, https:\/\/www.gopshusgarden.com\/wp-content\/uploads\/2024\/05\/IMG_4753-250x167.jpg 250w, https:\/\/www.gopshusgarden.com\/wp-content\/uploads\/2024\/05\/IMG_4753-375x250.jpg 375w, https:\/\/www.gopshusgarden.com\/wp-content\/uploads\/2024\/05\/IMG_4753-150x100.jpg 150w\" sizes=\"auto, (max-width: 2560px) 100vw, 2560px\" \/><\/figure>\n\n\n\n<figure class=\"wp-block-image size-large\"><img loading=\"lazy\" decoding=\"async\" width=\"1416\" height=\"2000\" data-id=\"599\" src=\"https:\/\/www.gopshusgarden.com\/wp-content\/uploads\/2024\/05\/Wanderkarte-1416x2000.jpg\" alt=\"\" class=\"wp-image-599\" srcset=\"https:\/\/www.gopshusgarden.com\/wp-content\/uploads\/2024\/05\/Wanderkarte-1416x2000.jpg 1416w, https:\/\/www.gopshusgarden.com\/wp-content\/uploads\/2024\/05\/Wanderkarte-212x300.jpg 212w, https:\/\/www.gopshusgarden.com\/wp-content\/uploads\/2024\/05\/Wanderkarte-768x1085.jpg 768w, https:\/\/www.gopshusgarden.com\/wp-content\/uploads\/2024\/05\/Wanderkarte-1087x1536.jpg 1087w, https:\/\/www.gopshusgarden.com\/wp-content\/uploads\/2024\/05\/Wanderkarte-1449x2048.jpg 1449w, https:\/\/www.gopshusgarden.com\/wp-content\/uploads\/2024\/05\/Wanderkarte-480x678.jpg 480w, https:\/\/www.gopshusgarden.com\/wp-content\/uploads\/2024\/05\/Wanderkarte-340x480.jpg 340w, https:\/\/www.gopshusgarden.com\/wp-content\/uploads\/2024\/05\/Wanderkarte-250x353.jpg 250w, https:\/\/www.gopshusgarden.com\/wp-content\/uploads\/2024\/05\/Wanderkarte-177x250.jpg 177w, https:\/\/www.gopshusgarden.com\/wp-content\/uploads\/2024\/05\/Wanderkarte-106x150.jpg 106w, https:\/\/www.gopshusgarden.com\/wp-content\/uploads\/2024\/05\/Wanderkarte-scaled.jpg 1812w\" sizes=\"auto, (max-width: 1416px) 100vw, 1416px\" \/><\/figure>\n\n\n\n<figure class=\"wp-block-image size-large\"><img loading=\"lazy\" decoding=\"async\" width=\"2560\" height=\"1707\" data-id=\"595\" src=\"https:\/\/www.gopshusgarden.com\/wp-content\/uploads\/2024\/05\/IMG_4752-scaled.jpg\" alt=\"\" class=\"wp-image-595\" srcset=\"https:\/\/www.gopshusgarden.com\/wp-content\/uploads\/2024\/05\/IMG_4752-scaled.jpg 2560w, https:\/\/www.gopshusgarden.com\/wp-content\/uploads\/2024\/05\/IMG_4752-300x200.jpg 300w, https:\/\/www.gopshusgarden.com\/wp-content\/uploads\/2024\/05\/IMG_4752-768x512.jpg 768w, https:\/\/www.gopshusgarden.com\/wp-content\/uploads\/2024\/05\/IMG_4752-1536x1024.jpg 1536w, https:\/\/www.gopshusgarden.com\/wp-content\/uploads\/2024\/05\/IMG_4752-2048x1365.jpg 2048w, https:\/\/www.gopshusgarden.com\/wp-content\/uploads\/2024\/05\/IMG_4752-480x320.jpg 480w, https:\/\/www.gopshusgarden.com\/wp-content\/uploads\/2024\/05\/IMG_4752-720x480.jpg 720w, https:\/\/www.gopshusgarden.com\/wp-content\/uploads\/2024\/05\/IMG_4752-250x167.jpg 250w, https:\/\/www.gopshusgarden.com\/wp-content\/uploads\/2024\/05\/IMG_4752-375x250.jpg 375w, https:\/\/www.gopshusgarden.com\/wp-content\/uploads\/2024\/05\/IMG_4752-150x100.jpg 150w\" sizes=\"auto, (max-width: 2560px) 100vw, 2560px\" \/><\/figure>\n\n\n\n<figure class=\"wp-block-image size-large\"><img loading=\"lazy\" decoding=\"async\" width=\"2560\" height=\"1707\" data-id=\"588\" src=\"https:\/\/www.gopshusgarden.com\/wp-content\/uploads\/2024\/05\/IMG_4737-scaled.jpg\" alt=\"\" class=\"wp-image-588\" srcset=\"https:\/\/www.gopshusgarden.com\/wp-content\/uploads\/2024\/05\/IMG_4737-scaled.jpg 2560w, https:\/\/www.gopshusgarden.com\/wp-content\/uploads\/2024\/05\/IMG_4737-300x200.jpg 300w, https:\/\/www.gopshusgarden.com\/wp-content\/uploads\/2024\/05\/IMG_4737-768x512.jpg 768w, https:\/\/www.gopshusgarden.com\/wp-content\/uploads\/2024\/05\/IMG_4737-1536x1024.jpg 1536w, https:\/\/www.gopshusgarden.com\/wp-content\/uploads\/2024\/05\/IMG_4737-2048x1365.jpg 2048w, https:\/\/www.gopshusgarden.com\/wp-content\/uploads\/2024\/05\/IMG_4737-480x320.jpg 480w, https:\/\/www.gopshusgarden.com\/wp-content\/uploads\/2024\/05\/IMG_4737-720x480.jpg 720w, https:\/\/www.gopshusgarden.com\/wp-content\/uploads\/2024\/05\/IMG_4737-250x167.jpg 250w, https:\/\/www.gopshusgarden.com\/wp-content\/uploads\/2024\/05\/IMG_4737-375x250.jpg 375w, https:\/\/www.gopshusgarden.com\/wp-content\/uploads\/2024\/05\/IMG_4737-150x100.jpg 150w\" sizes=\"auto, (max-width: 2560px) 100vw, 2560px\" \/><\/figure>\n\n\n\n<figure class=\"wp-block-image size-large\"><img loading=\"lazy\" decoding=\"async\" width=\"2560\" height=\"1707\" data-id=\"636\" src=\"https:\/\/www.gopshusgarden.com\/wp-content\/uploads\/2024\/05\/IMG_4857-scaled.jpg\" alt=\"\" class=\"wp-image-636\" srcset=\"https:\/\/www.gopshusgarden.com\/wp-content\/uploads\/2024\/05\/IMG_4857-scaled.jpg 2560w, https:\/\/www.gopshusgarden.com\/wp-content\/uploads\/2024\/05\/IMG_4857-300x200.jpg 300w, https:\/\/www.gopshusgarden.com\/wp-content\/uploads\/2024\/05\/IMG_4857-768x512.jpg 768w, https:\/\/www.gopshusgarden.com\/wp-content\/uploads\/2024\/05\/IMG_4857-1536x1024.jpg 1536w, https:\/\/www.gopshusgarden.com\/wp-content\/uploads\/2024\/05\/IMG_4857-2048x1365.jpg 2048w, https:\/\/www.gopshusgarden.com\/wp-content\/uploads\/2024\/05\/IMG_4857-480x320.jpg 480w, https:\/\/www.gopshusgarden.com\/wp-content\/uploads\/2024\/05\/IMG_4857-720x480.jpg 720w, https:\/\/www.gopshusgarden.com\/wp-content\/uploads\/2024\/05\/IMG_4857-250x167.jpg 250w, https:\/\/www.gopshusgarden.com\/wp-content\/uploads\/2024\/05\/IMG_4857-375x250.jpg 375w, https:\/\/www.gopshusgarden.com\/wp-content\/uploads\/2024\/05\/IMG_4857-150x100.jpg 150w\" sizes=\"auto, (max-width: 2560px) 100vw, 2560px\" \/><\/figure>\n\n\n\n<figure class=\"wp-block-image size-large\"><img loading=\"lazy\" decoding=\"async\" width=\"1440\" height=\"810\" data-id=\"560\" src=\"https:\/\/www.gopshusgarden.com\/wp-content\/uploads\/2024\/04\/erik_kilstrom_2018-2.jpg\" alt=\"\" class=\"wp-image-560\" srcset=\"https:\/\/www.gopshusgarden.com\/wp-content\/uploads\/2024\/04\/erik_kilstrom_2018-2.jpg 1440w, https:\/\/www.gopshusgarden.com\/wp-content\/uploads\/2024\/04\/erik_kilstrom_2018-2-300x169.jpg 300w, https:\/\/www.gopshusgarden.com\/wp-content\/uploads\/2024\/04\/erik_kilstrom_2018-2-768x432.jpg 768w, https:\/\/www.gopshusgarden.com\/wp-content\/uploads\/2024\/04\/erik_kilstrom_2018-2-480x270.jpg 480w, https:\/\/www.gopshusgarden.com\/wp-content\/uploads\/2024\/04\/erik_kilstrom_2018-2-853x480.jpg 853w, https:\/\/www.gopshusgarden.com\/wp-content\/uploads\/2024\/04\/erik_kilstrom_2018-2-250x141.jpg 250w, https:\/\/www.gopshusgarden.com\/wp-content\/uploads\/2024\/04\/erik_kilstrom_2018-2-444x250.jpg 444w, https:\/\/www.gopshusgarden.com\/wp-content\/uploads\/2024\/04\/erik_kilstrom_2018-2-150x84.jpg 150w\" sizes=\"auto, (max-width: 1440px) 100vw, 1440px\" \/><\/figure>\n\n\n\n<figure class=\"wp-block-image size-large\"><img loading=\"lazy\" decoding=\"async\" width=\"2560\" height=\"1707\" data-id=\"628\" src=\"https:\/\/www.gopshusgarden.com\/wp-content\/uploads\/2024\/05\/IMG_4752-1-scaled.jpg\" alt=\"\" class=\"wp-image-628\" srcset=\"https:\/\/www.gopshusgarden.com\/wp-content\/uploads\/2024\/05\/IMG_4752-1-scaled.jpg 2560w, https:\/\/www.gopshusgarden.com\/wp-content\/uploads\/2024\/05\/IMG_4752-1-300x200.jpg 300w, https:\/\/www.gopshusgarden.com\/wp-content\/uploads\/2024\/05\/IMG_4752-1-768x512.jpg 768w, https:\/\/www.gopshusgarden.com\/wp-content\/uploads\/2024\/05\/IMG_4752-1-1536x1024.jpg 1536w, https:\/\/www.gopshusgarden.com\/wp-content\/uploads\/2024\/05\/IMG_4752-1-2048x1365.jpg 2048w, https:\/\/www.gopshusgarden.com\/wp-content\/uploads\/2024\/05\/IMG_4752-1-480x320.jpg 480w, https:\/\/www.gopshusgarden.com\/wp-content\/uploads\/2024\/05\/IMG_4752-1-720x480.jpg 720w, https:\/\/www.gopshusgarden.com\/wp-content\/uploads\/2024\/05\/IMG_4752-1-250x167.jpg 250w, https:\/\/www.gopshusgarden.com\/wp-content\/uploads\/2024\/05\/IMG_4752-1-375x250.jpg 375w, https:\/\/www.gopshusgarden.com\/wp-content\/uploads\/2024\/05\/IMG_4752-1-150x100.jpg 150w\" sizes=\"auto, (max-width: 2560px) 100vw, 2560px\" \/><\/figure>\n\n\n\n<figure class=\"wp-block-image size-large\"><img loading=\"lazy\" decoding=\"async\" width=\"2560\" height=\"1707\" data-id=\"632\" src=\"https:\/\/www.gopshusgarden.com\/wp-content\/uploads\/2024\/05\/IMG_4792-scaled.jpg\" alt=\"\" class=\"wp-image-632\" srcset=\"https:\/\/www.gopshusgarden.com\/wp-content\/uploads\/2024\/05\/IMG_4792-scaled.jpg 2560w, https:\/\/www.gopshusgarden.com\/wp-content\/uploads\/2024\/05\/IMG_4792-300x200.jpg 300w, https:\/\/www.gopshusgarden.com\/wp-content\/uploads\/2024\/05\/IMG_4792-768x512.jpg 768w, https:\/\/www.gopshusgarden.com\/wp-content\/uploads\/2024\/05\/IMG_4792-1536x1024.jpg 1536w, https:\/\/www.gopshusgarden.com\/wp-content\/uploads\/2024\/05\/IMG_4792-2048x1365.jpg 2048w, https:\/\/www.gopshusgarden.com\/wp-content\/uploads\/2024\/05\/IMG_4792-480x320.jpg 480w, https:\/\/www.gopshusgarden.com\/wp-content\/uploads\/2024\/05\/IMG_4792-720x480.jpg 720w, https:\/\/www.gopshusgarden.com\/wp-content\/uploads\/2024\/05\/IMG_4792-250x167.jpg 250w, https:\/\/www.gopshusgarden.com\/wp-content\/uploads\/2024\/05\/IMG_4792-375x250.jpg 375w, https:\/\/www.gopshusgarden.com\/wp-content\/uploads\/2024\/05\/IMG_4792-150x100.jpg 150w\" sizes=\"auto, (max-width: 2560px) 100vw, 2560px\" \/><\/figure>\n\n\n\n<figure class=\"wp-block-image size-large\"><img loading=\"lazy\" decoding=\"async\" width=\"2560\" height=\"1707\" data-id=\"630\" src=\"https:\/\/www.gopshusgarden.com\/wp-content\/uploads\/2024\/05\/IMG_4774-scaled.jpg\" alt=\"\" class=\"wp-image-630\" srcset=\"https:\/\/www.gopshusgarden.com\/wp-content\/uploads\/2024\/05\/IMG_4774-scaled.jpg 2560w, https:\/\/www.gopshusgarden.com\/wp-content\/uploads\/2024\/05\/IMG_4774-300x200.jpg 300w, https:\/\/www.gopshusgarden.com\/wp-content\/uploads\/2024\/05\/IMG_4774-768x512.jpg 768w, https:\/\/www.gopshusgarden.com\/wp-content\/uploads\/2024\/05\/IMG_4774-1536x1024.jpg 1536w, https:\/\/www.gopshusgarden.com\/wp-content\/uploads\/2024\/05\/IMG_4774-2048x1365.jpg 2048w, https:\/\/www.gopshusgarden.com\/wp-content\/uploads\/2024\/05\/IMG_4774-480x320.jpg 480w, https:\/\/www.gopshusgarden.com\/wp-content\/uploads\/2024\/05\/IMG_4774-720x480.jpg 720w, https:\/\/www.gopshusgarden.com\/wp-content\/uploads\/2024\/05\/IMG_4774-250x167.jpg 250w, https:\/\/www.gopshusgarden.com\/wp-content\/uploads\/2024\/05\/IMG_4774-375x250.jpg 375w, https:\/\/www.gopshusgarden.com\/wp-content\/uploads\/2024\/05\/IMG_4774-150x100.jpg 150w\" sizes=\"auto, (max-width: 2560px) 100vw, 2560px\" \/><\/figure>\n\n\n\n<figure class=\"wp-block-image size-large\"><img loading=\"lazy\" decoding=\"async\" width=\"2560\" height=\"1707\" data-id=\"631\" src=\"https:\/\/www.gopshusgarden.com\/wp-content\/uploads\/2024\/05\/IMG_4788-scaled.jpg\" alt=\"\" class=\"wp-image-631\" srcset=\"https:\/\/www.gopshusgarden.com\/wp-content\/uploads\/2024\/05\/IMG_4788-scaled.jpg 2560w, https:\/\/www.gopshusgarden.com\/wp-content\/uploads\/2024\/05\/IMG_4788-300x200.jpg 300w, https:\/\/www.gopshusgarden.com\/wp-content\/uploads\/2024\/05\/IMG_4788-768x512.jpg 768w, https:\/\/www.gopshusgarden.com\/wp-content\/uploads\/2024\/05\/IMG_4788-1536x1024.jpg 1536w, https:\/\/www.gopshusgarden.com\/wp-content\/uploads\/2024\/05\/IMG_4788-2048x1365.jpg 2048w, https:\/\/www.gopshusgarden.com\/wp-content\/uploads\/2024\/05\/IMG_4788-480x320.jpg 480w, https:\/\/www.gopshusgarden.com\/wp-content\/uploads\/2024\/05\/IMG_4788-720x480.jpg 720w, https:\/\/www.gopshusgarden.com\/wp-content\/uploads\/2024\/05\/IMG_4788-250x167.jpg 250w, https:\/\/www.gopshusgarden.com\/wp-content\/uploads\/2024\/05\/IMG_4788-375x250.jpg 375w, https:\/\/www.gopshusgarden.com\/wp-content\/uploads\/2024\/05\/IMG_4788-150x100.jpg 150w\" sizes=\"auto, (max-width: 2560px) 100vw, 2560px\" \/><\/figure>\n\n\n\n<figure class=\"wp-block-image size-large\"><img loading=\"lazy\" decoding=\"async\" width=\"2560\" height=\"1707\" data-id=\"634\" src=\"https:\/\/www.gopshusgarden.com\/wp-content\/uploads\/2024\/05\/IMG_4836-scaled.jpg\" alt=\"\" class=\"wp-image-634\" srcset=\"https:\/\/www.gopshusgarden.com\/wp-content\/uploads\/2024\/05\/IMG_4836-scaled.jpg 2560w, https:\/\/www.gopshusgarden.com\/wp-content\/uploads\/2024\/05\/IMG_4836-300x200.jpg 300w, https:\/\/www.gopshusgarden.com\/wp-content\/uploads\/2024\/05\/IMG_4836-768x512.jpg 768w, https:\/\/www.gopshusgarden.com\/wp-content\/uploads\/2024\/05\/IMG_4836-1536x1024.jpg 1536w, https:\/\/www.gopshusgarden.com\/wp-content\/uploads\/2024\/05\/IMG_4836-2048x1365.jpg 2048w, https:\/\/www.gopshusgarden.com\/wp-content\/uploads\/2024\/05\/IMG_4836-480x320.jpg 480w, https:\/\/www.gopshusgarden.com\/wp-content\/uploads\/2024\/05\/IMG_4836-720x480.jpg 720w, https:\/\/www.gopshusgarden.com\/wp-content\/uploads\/2024\/05\/IMG_4836-250x167.jpg 250w, https:\/\/www.gopshusgarden.com\/wp-content\/uploads\/2024\/05\/IMG_4836-375x250.jpg 375w, https:\/\/www.gopshusgarden.com\/wp-content\/uploads\/2024\/05\/IMG_4836-150x100.jpg 150w\" sizes=\"auto, (max-width: 2560px) 100vw, 2560px\" \/><\/figure>\n\n\n\n<figure class=\"wp-block-image size-large\"><img loading=\"lazy\" decoding=\"async\" width=\"2560\" height=\"1707\" data-id=\"635\" src=\"https:\/\/www.gopshusgarden.com\/wp-content\/uploads\/2024\/05\/IMG_4855-scaled.jpg\" alt=\"\" class=\"wp-image-635\" srcset=\"https:\/\/www.gopshusgarden.com\/wp-content\/uploads\/2024\/05\/IMG_4855-scaled.jpg 2560w, https:\/\/www.gopshusgarden.com\/wp-content\/uploads\/2024\/05\/IMG_4855-300x200.jpg 300w, https:\/\/www.gopshusgarden.com\/wp-content\/uploads\/2024\/05\/IMG_4855-768x512.jpg 768w, https:\/\/www.gopshusgarden.com\/wp-content\/uploads\/2024\/05\/IMG_4855-1536x1024.jpg 1536w, https:\/\/www.gopshusgarden.com\/wp-content\/uploads\/2024\/05\/IMG_4855-2048x1365.jpg 2048w, https:\/\/www.gopshusgarden.com\/wp-content\/uploads\/2024\/05\/IMG_4855-480x320.jpg 480w, https:\/\/www.gopshusgarden.com\/wp-content\/uploads\/2024\/05\/IMG_4855-720x480.jpg 720w, https:\/\/www.gopshusgarden.com\/wp-content\/uploads\/2024\/05\/IMG_4855-250x167.jpg 250w, https:\/\/www.gopshusgarden.com\/wp-content\/uploads\/2024\/05\/IMG_4855-375x250.jpg 375w, https:\/\/www.gopshusgarden.com\/wp-content\/uploads\/2024\/05\/IMG_4855-150x100.jpg 150w\" sizes=\"auto, (max-width: 2560px) 100vw, 2560px\" \/><\/figure>\n<\/figure>\n<\/div>\n<\/div>\n","protected":false},"excerpt":{"rendered":"<p>Gopshusg\u00e5rden B&amp;B erbjuder en fridfull retr\u00e4tt mitt i den vackra naturen i Mora och \u00c4lvdalen. V\u00e5ra mysiga boenden ger dig den perfekta blandningen av komfort och ro, vilket s\u00e4kerst\u00e4ller att varje g\u00e4st k\u00e4nner sig som hemma. Fr\u00e5n det \u00f6gonblick du anl\u00e4nder till v\u00e5r d\u00f6rr, omfamnas du av en fridfull atmosf\u00e4r och varm g\u00e4stfrihet som \u00e4r &hellip; <\/p>\n<p class=\"link-more\"><a href=\"https:\/\/www.gopshusgarden.com\/sv\/vandring-och-cykling\/\" class=\"more-link\"><span class=\"screen-reader-text\"> prova \"Vandring och cykling\"<\/span><\/a><\/p>\n","protected":false},"author":1,"featured_media":867,"parent":0,"menu_order":0,"comment_status":"closed","ping_status":"closed","template":"","meta":{"footnotes":""},"class_list":["post-1001","page","type-page","status-publish","has-post-thumbnail","hentry"],"_links":{"self":[{"href":"https:\/\/www.gopshusgarden.com\/sv\/wp-json\/wp\/v2\/pages\/1001","targetHints":{"allow":["GET"]}}],"collection":[{"href":"https:\/\/www.gopshusgarden.com\/sv\/wp-json\/wp\/v2\/pages"}],"about":[{"href":"https:\/\/www.gopshusgarden.com\/sv\/wp-json\/wp\/v2\/types\/page"}],"author":[{"embeddable":true,"href":"https:\/\/www.gopshusgarden.com\/sv\/wp-json\/wp\/v2\/users\/1"}],"replies":[{"embeddable":true,"href":"https:\/\/www.gopshusgarden.com\/sv\/wp-json\/wp\/v2\/comments?post=1001"}],"version-history":[{"count":1,"href":"https:\/\/www.gopshusgarden.com\/sv\/wp-json\/wp\/v2\/pages\/1001\/revisions"}],"predecessor-version":[{"id":1003,"href":"https:\/\/www.gopshusgarden.com\/sv\/wp-json\/wp\/v2\/pages\/1001\/revisions\/1003"}],"wp:featuredmedia":[{"embeddable":true,"href":"https:\/\/www.gopshusgarden.com\/sv\/wp-json\/wp\/v2\/media\/867"}],"wp:attachment":[{"href":"https:\/\/www.gopshusgarden.com\/sv\/wp-json\/wp\/v2\/media?parent=1001"}],"curies":[{"name":"wp","href":"https:\/\/api.w.org\/{rel}","templated":true}]}}