{"id":990,"date":"2023-09-11T14:58:44","date_gmt":"2023-09-11T12:58:44","guid":{"rendered":"https:\/\/www.gopshusgarden.com\/kontakta-oss\/"},"modified":"2023-09-11T14:58:44","modified_gmt":"2023-09-11T12:58:44","slug":"kontakta-oss","status":"publish","type":"page","link":"https:\/\/www.gopshusgarden.com\/sv\/kontakta-oss\/","title":{"rendered":"Kontakta oss"},"content":{"rendered":"<div class=\"colored-icons\">\n<h3 class=\"DUwDvf lfPIob\" style=\"text-align: center;\">Gopshusg\u00e5rden - Rum och Stugor<\/h3>\n<p style=\"text-align: center;\">Om du har n\u00e5gra fr\u00e5gor, tveka inte att kontakta oss via telefon, e-post eller genom att anv\u00e4nda kontaktformul\u00e4ret nedan. Vi str\u00e4var efter att svara inom 2 arbetsdagar. <\/p>\n<\/div>\n<p class=\"wpcf7-contact-form-not-found\"><strong>Fel:<\/strong> Kontaktformul\u00e4r hittades inte.<\/p>\n","protected":false},"excerpt":{"rendered":"<p>Gopshusg\u00e5rden - Rum och Stugor Om du har n\u00e5gra fr\u00e5gor, tveka inte att kontakta oss via telefon, e-post eller genom att anv\u00e4nda kontaktformul\u00e4ret nedan. Vi str\u00e4var efter att svara inom 2 arbetsdagar.<\/p>\n","protected":false},"author":1,"featured_media":807,"parent":0,"menu_order":0,"comment_status":"closed","ping_status":"closed","template":"page-templates\/page-contact.php","meta":{"footnotes":""},"class_list":["post-990","page","type-page","status-publish","has-post-thumbnail","hentry"],"_links":{"self":[{"href":"https:\/\/www.gopshusgarden.com\/sv\/wp-json\/wp\/v2\/pages\/990","targetHints":{"allow":["GET"]}}],"collection":[{"href":"https:\/\/www.gopshusgarden.com\/sv\/wp-json\/wp\/v2\/pages"}],"about":[{"href":"https:\/\/www.gopshusgarden.com\/sv\/wp-json\/wp\/v2\/types\/page"}],"author":[{"embeddable":true,"href":"https:\/\/www.gopshusgarden.com\/sv\/wp-json\/wp\/v2\/users\/1"}],"replies":[{"embeddable":true,"href":"https:\/\/www.gopshusgarden.com\/sv\/wp-json\/wp\/v2\/comments?post=990"}],"version-history":[{"count":0,"href":"https:\/\/www.gopshusgarden.com\/sv\/wp-json\/wp\/v2\/pages\/990\/revisions"}],"wp:featuredmedia":[{"embeddable":true,"href":"https:\/\/www.gopshusgarden.com\/sv\/wp-json\/wp\/v2\/media\/807"}],"wp:attachment":[{"href":"https:\/\/www.gopshusgarden.com\/sv\/wp-json\/wp\/v2\/media?parent=990"}],"curies":[{"name":"wp","href":"https:\/\/api.w.org\/{rel}","templated":true}]}}