{"id":995,"date":"2023-10-15T18:56:08","date_gmt":"2023-10-15T16:56:08","guid":{"rendered":"https:\/\/www.gopshusgarden.com\/vara-tjanster\/"},"modified":"2025-06-14T12:43:26","modified_gmt":"2025-06-14T10:43:26","slug":"vara-tjanster","status":"publish","type":"page","link":"https:\/\/www.gopshusgarden.com\/sv\/vara-tjanster\/","title":{"rendered":"V\u00e5ra tj\u00e4nster"},"content":{"rendered":"\n<p><strong>Frukost<\/strong><br\/>Frukostbuff\u00e9n \u00e4r tillg\u00e4nglig f\u00f6r alla v\u00e5ra g\u00e4ster. Kom till stora rummet och njut av frukostbuff\u00e9n mellan kl. 7.00 och 9.30. Om du vill \u00e4ta frukost tidigare eller senare \u00e4r det bara att kontakta oss s\u00e5 ser vi \u00f6ver en l\u00f6sning.  <\/p>\n\n<p><strong>Lunch<\/strong><br\/>Till lunch erbjuder vi ett brett urval av sallader, soppor, wraps och sm\u00f6rg\u00e5sar. Vi erbjuder ocks\u00e5 ett bekv\u00e4mt alternativ f\u00f6r lunch att ta med. Om du vill ta ett mellanm\u00e5l under dagen har vi en liten kiosk och ett caf\u00e9 med snacks och drycker.   <\/p>\n\n<p><strong>Middag<\/strong><br\/>V\u00e5ra hemlagade middagar best\u00e5r av en rotation av flera r\u00e4tter, b\u00e5de regionala och internationella, f\u00f6r att tillgodose allas smaker. <\/p>\n\n<p><strong>Diet\u00e4ra h\u00e4nsyn<br\/><\/strong>V\u00e4nligen informera oss om eventuella s\u00e4rskilda kostbehov, t.ex. allergier eller behov av vegetariska eller veganska alternativ, s\u00e5 att vi kan erbjuda den b\u00e4sta matupplevelsen f\u00f6r dig.<\/p>\n\n<div class=\"wp-block-columns is-layout-flex wp-container-core-columns-is-layout-9d6595d7 wp-block-columns-is-layout-flex\">\n<div class=\"wp-block-column is-layout-flow wp-block-column-is-layout-flow\">\n<div class=\"wp-block-columns is-layout-flex wp-container-core-columns-is-layout-9d6595d7 wp-block-columns-is-layout-flex\">\n<div class=\"wp-block-column is-layout-flow wp-block-column-is-layout-flow\">\n<figure class=\"wp-block-image size-full\"><img loading=\"lazy\" decoding=\"async\" width=\"2560\" height=\"1707\" src=\"https:\/\/www.gopshusgarden.com\/wp-content\/uploads\/2025\/06\/IMG_5928-scaled.jpg\" alt=\"\" class=\"wp-image-1125\" srcset=\"https:\/\/www.gopshusgarden.com\/wp-content\/uploads\/2025\/06\/IMG_5928-scaled.jpg 2560w, https:\/\/www.gopshusgarden.com\/wp-content\/uploads\/2025\/06\/IMG_5928-300x200.jpg 300w, https:\/\/www.gopshusgarden.com\/wp-content\/uploads\/2025\/06\/IMG_5928-768x512.jpg 768w, https:\/\/www.gopshusgarden.com\/wp-content\/uploads\/2025\/06\/IMG_5928-1536x1024.jpg 1536w, https:\/\/www.gopshusgarden.com\/wp-content\/uploads\/2025\/06\/IMG_5928-2048x1365.jpg 2048w, https:\/\/www.gopshusgarden.com\/wp-content\/uploads\/2025\/06\/IMG_5928-480x320.jpg 480w, https:\/\/www.gopshusgarden.com\/wp-content\/uploads\/2025\/06\/IMG_5928-720x480.jpg 720w, https:\/\/www.gopshusgarden.com\/wp-content\/uploads\/2025\/06\/IMG_5928-250x167.jpg 250w, https:\/\/www.gopshusgarden.com\/wp-content\/uploads\/2025\/06\/IMG_5928-375x250.jpg 375w, https:\/\/www.gopshusgarden.com\/wp-content\/uploads\/2025\/06\/IMG_5928-150x100.jpg 150w\" sizes=\"auto, (max-width: 2560px) 100vw, 2560px\" \/><\/figure>\n<\/div>\n<\/div>\n<\/div>\n\n\n\n<div class=\"wp-block-column is-layout-flow wp-block-column-is-layout-flow\">\n<figure class=\"wp-block-image size-full\"><img loading=\"lazy\" decoding=\"async\" width=\"2560\" height=\"1707\" src=\"https:\/\/www.gopshusgarden.com\/wp-content\/uploads\/2024\/05\/IMG_4211-1-scaled.jpg\" alt=\"\" class=\"wp-image-581\" srcset=\"https:\/\/www.gopshusgarden.com\/wp-content\/uploads\/2024\/05\/IMG_4211-1-scaled.jpg 2560w, https:\/\/www.gopshusgarden.com\/wp-content\/uploads\/2024\/05\/IMG_4211-1-300x200.jpg 300w, https:\/\/www.gopshusgarden.com\/wp-content\/uploads\/2024\/05\/IMG_4211-1-768x512.jpg 768w, https:\/\/www.gopshusgarden.com\/wp-content\/uploads\/2024\/05\/IMG_4211-1-1536x1024.jpg 1536w, https:\/\/www.gopshusgarden.com\/wp-content\/uploads\/2024\/05\/IMG_4211-1-2048x1365.jpg 2048w, https:\/\/www.gopshusgarden.com\/wp-content\/uploads\/2024\/05\/IMG_4211-1-480x320.jpg 480w, https:\/\/www.gopshusgarden.com\/wp-content\/uploads\/2024\/05\/IMG_4211-1-720x480.jpg 720w, https:\/\/www.gopshusgarden.com\/wp-content\/uploads\/2024\/05\/IMG_4211-1-250x167.jpg 250w, https:\/\/www.gopshusgarden.com\/wp-content\/uploads\/2024\/05\/IMG_4211-1-375x250.jpg 375w, https:\/\/www.gopshusgarden.com\/wp-content\/uploads\/2024\/05\/IMG_4211-1-150x100.jpg 150w\" sizes=\"auto, (max-width: 2560px) 100vw, 2560px\" \/><\/figure>\n<\/div>\n\n\n\n<div class=\"wp-block-column is-layout-flow wp-block-column-is-layout-flow\">\n<figure class=\"wp-block-image size-full\"><img loading=\"lazy\" decoding=\"async\" width=\"2560\" height=\"1707\" src=\"https:\/\/www.gopshusgarden.com\/wp-content\/uploads\/2024\/05\/IMG_4220-scaled.jpg\" alt=\"\" class=\"wp-image-582\" srcset=\"https:\/\/www.gopshusgarden.com\/wp-content\/uploads\/2024\/05\/IMG_4220-scaled.jpg 2560w, https:\/\/www.gopshusgarden.com\/wp-content\/uploads\/2024\/05\/IMG_4220-300x200.jpg 300w, https:\/\/www.gopshusgarden.com\/wp-content\/uploads\/2024\/05\/IMG_4220-768x512.jpg 768w, https:\/\/www.gopshusgarden.com\/wp-content\/uploads\/2024\/05\/IMG_4220-1536x1024.jpg 1536w, https:\/\/www.gopshusgarden.com\/wp-content\/uploads\/2024\/05\/IMG_4220-2048x1365.jpg 2048w, https:\/\/www.gopshusgarden.com\/wp-content\/uploads\/2024\/05\/IMG_4220-480x320.jpg 480w, https:\/\/www.gopshusgarden.com\/wp-content\/uploads\/2024\/05\/IMG_4220-720x480.jpg 720w, https:\/\/www.gopshusgarden.com\/wp-content\/uploads\/2024\/05\/IMG_4220-250x167.jpg 250w, https:\/\/www.gopshusgarden.com\/wp-content\/uploads\/2024\/05\/IMG_4220-375x250.jpg 375w, https:\/\/www.gopshusgarden.com\/wp-content\/uploads\/2024\/05\/IMG_4220-150x100.jpg 150w\" sizes=\"auto, (max-width: 2560px) 100vw, 2560px\" \/><\/figure>\n<\/div>\n<\/div>\n\n<p><\/p>\n\n<h2 class=\"wp-block-heading\">Andra alternativ<\/h2>\n\n<p>F\u00f6rutom mat har vi en Vallabod och bastu, en stor tr\u00e4dg\u00e5rd d\u00e4r du kan anv\u00e4nda en av grillarna. Rummen m\u00e5 vara sm\u00e5, men du kan alltid anv\u00e4nda vardagsrummet och terrassen f\u00f6r att chilla, spela spel eller ta en drink \ud83d\ude42  <\/p>\n","protected":false},"excerpt":{"rendered":"<p>FrukostFrukostbuff\u00e9n \u00e4r tillg\u00e4nglig f\u00f6r alla v\u00e5ra g\u00e4ster. Kom till stora rummet och njut av frukostbuff\u00e9n mellan kl. 7.00 och 9.30. Om du vill \u00e4ta frukost tidigare eller senare \u00e4r det bara att kontakta oss s\u00e5 ser vi \u00f6ver en l\u00f6sning. LunchTill lunch erbjuder vi ett brett urval av sallader, soppor, wraps och sm\u00f6rg\u00e5sar. Vi erbjuder &hellip; <\/p>\n<p class=\"link-more\"><a href=\"https:\/\/www.gopshusgarden.com\/sv\/vara-tjanster\/\" class=\"more-link\"><span class=\"screen-reader-text\"> prova \"V\u00e5ra tj\u00e4nster\"<\/span><\/a><\/p>\n","protected":false},"author":1,"featured_media":1127,"parent":0,"menu_order":0,"comment_status":"closed","ping_status":"closed","template":"","meta":{"footnotes":""},"class_list":["post-995","page","type-page","status-publish","has-post-thumbnail","hentry"],"_links":{"self":[{"href":"https:\/\/www.gopshusgarden.com\/sv\/wp-json\/wp\/v2\/pages\/995","targetHints":{"allow":["GET"]}}],"collection":[{"href":"https:\/\/www.gopshusgarden.com\/sv\/wp-json\/wp\/v2\/pages"}],"about":[{"href":"https:\/\/www.gopshusgarden.com\/sv\/wp-json\/wp\/v2\/types\/page"}],"author":[{"embeddable":true,"href":"https:\/\/www.gopshusgarden.com\/sv\/wp-json\/wp\/v2\/users\/1"}],"replies":[{"embeddable":true,"href":"https:\/\/www.gopshusgarden.com\/sv\/wp-json\/wp\/v2\/comments?post=995"}],"version-history":[{"count":2,"href":"https:\/\/www.gopshusgarden.com\/sv\/wp-json\/wp\/v2\/pages\/995\/revisions"}],"predecessor-version":[{"id":1130,"href":"https:\/\/www.gopshusgarden.com\/sv\/wp-json\/wp\/v2\/pages\/995\/revisions\/1130"}],"wp:featuredmedia":[{"embeddable":true,"href":"https:\/\/www.gopshusgarden.com\/sv\/wp-json\/wp\/v2\/media\/1127"}],"wp:attachment":[{"href":"https:\/\/www.gopshusgarden.com\/sv\/wp-json\/wp\/v2\/media?parent=995"}],"curies":[{"name":"wp","href":"https:\/\/api.w.org\/{rel}","templated":true}]}}